{"id":2534,"date":"2023-07-13T11:37:34","date_gmt":"2023-07-13T11:37:34","guid":{"rendered":"https:\/\/vex.is\/skilmalar\/"},"modified":"2025-11-25T13:38:37","modified_gmt":"2025-11-25T13:38:37","slug":"terms-and-conditions","status":"publish","type":"page","link":"https:\/\/vex.is\/en\/terms-and-conditions\/","title":{"rendered":"Terms and conditions"},"content":{"rendered":"\t\t<div data-elementor-type=\"wp-page\" data-elementor-id=\"2534\" class=\"elementor elementor-2534 elementor-3\" data-elementor-post-type=\"page\">\n\t\t\t\t<div class=\"elementor-element elementor-element-41dc548c e-con-full e-flex e-con e-parent\" data-id=\"41dc548c\" data-element_type=\"container\">\n\t\t\t\t<div class=\"elementor-element elementor-element-290d0b21 elementor-widget elementor-widget-text-editor\" data-id=\"290d0b21\" data-element_type=\"widget\" data-widget_type=\"text-editor.default\">\n\t\t\t\t<div class=\"elementor-widget-container\">\n\t\t\t\t\t\t\t\t\t<h1><span class=\"heading-content\"><strong>Skilm\u00e1lar<\/strong><\/span><\/h1><h2><span class=\"heading-content\">Vafrak\u00f6kur<\/span><\/h2><p>\u00deessi vefur n\u00fdtir s\u00e9r vafrak\u00f6kur (e. web cookies) til a\u00f0 b\u00e6ta virkni hans og hj\u00e1lpa stj\u00f3rnendum vefsins a\u00f0 greina notkun hans.<\/p><p>\u00dea\u00f0 er stefna VEX ehf. a\u00f0 nota vafrak\u00f6kur me\u00f0 \u00e1byrgum h\u00e6tti.<\/p><p>Allar pers\u00f3nuuppl\u00fdsingar sem kunna a\u00f0 a\u00f0 ver\u00f0a til vi\u00f0 notkun \u00e1 k\u00f6kum ver\u00f0a me\u00f0h\u00f6ndla\u00f0ar og unni\u00f0 me\u00f0 \u00fe\u00e6r \u00ed samr\u00e6mi vi\u00f0 pers\u00f3nuverndarl\u00f6g.<\/p><h2><span class=\"heading-content\">Hva\u00f0 er vafrakaka?<\/span><\/h2><p>Vafrak\u00f6kur eru sm\u00e1ar textaskr\u00e1r geymdar \u00ed \u00feeim vafra sem \u00fe\u00fa notar hverju sinni og eru almennt nota\u00f0ar til a\u00f0 f\u00e1 vefsv\u00e6\u00f0i til a\u00f0 virka e\u00f0a til a\u00f0 starfa betur og skilvirkar. Vafrak\u00f6kur geyma t.d kj\u00f6rstillingar notanda, sj\u00e1 til \u00feess a\u00f0 hann \u00feurfi ekki a\u00f0 skr\u00e1 sig inn \u00ed hvert skipti sem hann heims\u00e6kir vefinn og afla uppl\u00fdsinga um notkun vefsins til a\u00f0 au\u00f0velda stj\u00f3rnendum hans vefgreiningar me\u00f0 \u00fea\u00f0 a\u00f0 markmi\u00f0i a\u00f0 b\u00e6ta upplifun notenda hans.<\/p><h2><span class=\"heading-content\">Hva\u00f0a vafrak\u00f6kur notar \u00feessi vefur?<\/span><\/h2><p><em>\u00deessi vefur notar eftirfarandi vafrak\u00f6kur:<\/em><\/p><p><strong>Vafrak\u00f6kur: _gat, _gid, _ga<\/strong><\/p><p>Vafrak\u00f6kur sem nota\u00f0ar eru af Google Analytics til a\u00f0 greina umfer\u00f0 um vefinn. Uppl\u00fdsingarnar eru nota\u00f0ar til a\u00f0 sko\u00f0a hva\u00f0a vefhlutar eru nota\u00f0ir meira en a\u00f0rir og b\u00e6ta \u00fej\u00f3nustu vefsins vi\u00f0 notendur hans.<\/p><p><strong>Vafrak\u00f6kur: phpsessid<\/strong><\/p><p>\u00deessi vafrakaka er notu\u00f0 \u00feegar vefurinn er forrita\u00f0ur \u00ed php. H\u00fan er notu\u00f0 fyrir login \u00e1 vefinn og er me\u00f0al annars til \u00feess a\u00f0 notandinn \u00feurfi ekki a\u00f0 skr\u00e1 sig inn \u00e1 milli s\u00ed\u00f0na sem hann er a\u00f0 vinna \u00ed \u00e1 vefnum.<\/p><h2><span class=\"heading-content\">Hvernig ey\u00f0i \u00e9g vafrak\u00f6kum?<\/span><\/h2><p>\u00de\u00fa getur eytt \u00f6llum \u00feeim vafrak\u00f6kum sem \u00feinn vafri geymir. Lei\u00f0beiningar um \u00fea\u00f0 fyrir Internet Explorer eru <a href=\"https:\/\/support.microsoft.com\/en-gb\/help\/17442\/windows-internet-explorer-delete-manage-cookies\" rel=\"noopener noreferrer nofollow\">h\u00e9r<\/a>\u00a0og Google Chrome <a href=\"https:\/\/support.google.com\/chrome\/answer\/95647?co=GENIE.Platform%3DDesktop&amp;hl=en\" rel=\"noopener noreferrer nofollow\">h\u00e9r<\/a>.<\/p><h1><span class=\"heading-content\">Privacy Policy<\/span><\/h1><h2><span class=\"heading-content\">Cookies<\/span><\/h2><p>This website uses web cookies to improve its functionality and help webmasters analyze its use.<\/p><p>It is the policy of Ex\u00f8is ehf. to use cookies responsibly. All personal information that may be created during the use of cookies will be processed and processed in accordance with the Privacy Act.<\/p><h2><span class=\"heading-content\">What is a cookie?<\/span><\/h2><p>Cookies are small text files stored in the browser you use at any given time and are commonly used to make websites work or to work better and more efficiently. For example, cookies store the user&#8217;s preferences, ensure that he does not have to log in every time he visits the website and obtain information about the use of the website in order to facilitate his website&#8217;s web analytics with the aim of improving his user experience.<\/p><h2><span class=\"heading-content\">What cookies does this website use?<\/span><\/h2><p><em>This website uses the following cookies:<\/em><\/p><p><strong>Cookies: _gat, _gid, _ga<\/strong><\/p><p>Cookies used by Google Analytics to analyze web traffic. The information is used to view which web components are used more than others and to improve the website&#8217;s services to its users.<\/p><p><strong>Cookies: phpsessid<\/strong><\/p><p>This cookie is used when the web is programmed in php. It is used for login to the web and is, among other things, so that the user does not have to log in between the pages he is working on on the web.<\/p><h2><span class=\"heading-content\">How do I delete cookies?<\/span><\/h2><p>You can delete all the cookies that your browser stores. Instructions for it for Internet Explorer are <a href=\"https:\/\/support.microsoft.com\/en-gb\/help\/17442\/windows-internet-explorer-delete-manage-cookies\" rel=\"noopener noreferrer nofollow\">here<\/a> and Google Chrome <a href=\"https:\/\/support.google.com\/chrome\/answer\/95647?co=GENIE.Platform%3DDesktop&amp;hl=en\" rel=\"noopener noreferrer nofollow\">here<\/a>.<\/p>\t\t\t\t\t\t\t\t<\/div>\n\t\t\t\t<\/div>\n\t\t\t\t<\/div>\n\t\t\t\t<\/div>\n\t\t","protected":false},"excerpt":{"rendered":"<p>Skilm\u00e1lar Vafrak\u00f6kur \u00deessi vefur n\u00fdtir s\u00e9r vafrak\u00f6kur (e. web cookies) til a\u00f0 b\u00e6ta virkni hans og hj\u00e1lpa stj\u00f3rnendum vefsins a\u00f0 greina notkun hans. \u00dea\u00f0 er stefna VEX ehf. a\u00f0 nota vafrak\u00f6kur me\u00f0 \u00e1byrgum h\u00e6tti. Allar pers\u00f3nuuppl\u00fdsingar sem kunna a\u00f0 a\u00f0 ver\u00f0a til vi\u00f0 notkun \u00e1 k\u00f6kum ver\u00f0a me\u00f0h\u00f6ndla\u00f0ar og unni\u00f0 me\u00f0 \u00fe\u00e6r \u00ed samr\u00e6mi vi\u00f0 [&hellip;]<\/p>\n","protected":false},"author":1,"featured_media":0,"parent":0,"menu_order":0,"comment_status":"closed","ping_status":"open","template":"","meta":{"_acf_changed":false,"footnotes":""},"class_list":["post-2534","page","type-page","status-publish","hentry"],"acf":[],"yoast_head":"<!-- This site is optimized with the Yoast SEO plugin v26.4 - https:\/\/yoast.com\/wordpress\/plugins\/seo\/ -->\n<title>Terms and conditions - VEX<\/title>\n<meta name=\"robots\" content=\"index, follow, max-snippet:-1, max-image-preview:large, max-video-preview:-1\" \/>\n<link rel=\"canonical\" href=\"https:\/\/vex.is\/en\/terms-and-conditions\/\" \/>\n<meta property=\"og:locale\" content=\"en_US\" \/>\n<meta property=\"og:type\" content=\"article\" \/>\n<meta property=\"og:title\" content=\"Terms and conditions - VEX\" \/>\n<meta property=\"og:description\" content=\"Skilm\u00e1lar Vafrak\u00f6kur \u00deessi vefur n\u00fdtir s\u00e9r vafrak\u00f6kur (e. web cookies) til a\u00f0 b\u00e6ta virkni hans og hj\u00e1lpa stj\u00f3rnendum vefsins a\u00f0 greina notkun hans. \u00dea\u00f0 er stefna VEX ehf. a\u00f0 nota vafrak\u00f6kur me\u00f0 \u00e1byrgum h\u00e6tti. Allar pers\u00f3nuuppl\u00fdsingar sem kunna a\u00f0 a\u00f0 ver\u00f0a til vi\u00f0 notkun \u00e1 k\u00f6kum ver\u00f0a me\u00f0h\u00f6ndla\u00f0ar og unni\u00f0 me\u00f0 \u00fe\u00e6r \u00ed samr\u00e6mi vi\u00f0 [&hellip;]\" \/>\n<meta property=\"og:url\" content=\"https:\/\/vex.is\/en\/terms-and-conditions\/\" \/>\n<meta property=\"og:site_name\" content=\"VEX\" \/>\n<meta property=\"article:modified_time\" content=\"2025-11-25T13:38:37+00:00\" \/>\n<meta name=\"twitter:card\" content=\"summary_large_image\" \/>\n<meta name=\"twitter:label1\" content=\"Est. reading time\" \/>\n\t<meta name=\"twitter:data1\" content=\"3 minutes\" \/>\n<script type=\"application\/ld+json\" class=\"yoast-schema-graph\">{\"@context\":\"https:\/\/schema.org\",\"@graph\":[{\"@type\":\"WebPage\",\"@id\":\"https:\/\/vex.is\/en\/terms-and-conditions\/\",\"url\":\"https:\/\/vex.is\/en\/terms-and-conditions\/\",\"name\":\"Terms and conditions - VEX\",\"isPartOf\":{\"@id\":\"https:\/\/vex.is\/en\/#website\"},\"datePublished\":\"2023-07-13T11:37:34+00:00\",\"dateModified\":\"2025-11-25T13:38:37+00:00\",\"breadcrumb\":{\"@id\":\"https:\/\/vex.is\/en\/terms-and-conditions\/#breadcrumb\"},\"inLanguage\":\"en-US\",\"potentialAction\":[{\"@type\":\"ReadAction\",\"target\":[\"https:\/\/vex.is\/en\/terms-and-conditions\/\"]}]},{\"@type\":\"BreadcrumbList\",\"@id\":\"https:\/\/vex.is\/en\/terms-and-conditions\/#breadcrumb\",\"itemListElement\":[{\"@type\":\"ListItem\",\"position\":1,\"name\":\"Home\",\"item\":\"https:\/\/vex.is\/en\/forsida\/\"},{\"@type\":\"ListItem\",\"position\":2,\"name\":\"Terms and conditions\"}]},{\"@type\":\"WebSite\",\"@id\":\"https:\/\/vex.is\/en\/#website\",\"url\":\"https:\/\/vex.is\/en\/\",\"name\":\"VEX\",\"description\":\"\",\"publisher\":{\"@id\":\"https:\/\/vex.is\/en\/#organization\"},\"potentialAction\":[{\"@type\":\"SearchAction\",\"target\":{\"@type\":\"EntryPoint\",\"urlTemplate\":\"https:\/\/vex.is\/en\/?s={search_term_string}\"},\"query-input\":{\"@type\":\"PropertyValueSpecification\",\"valueRequired\":true,\"valueName\":\"search_term_string\"}}],\"inLanguage\":\"en-US\"},{\"@type\":\"Organization\",\"@id\":\"https:\/\/vex.is\/en\/#organization\",\"name\":\"VEX\",\"url\":\"https:\/\/vex.is\/en\/\",\"logo\":{\"@type\":\"ImageObject\",\"inLanguage\":\"en-US\",\"@id\":\"https:\/\/vex.is\/en\/#\/schema\/logo\/image\/\",\"url\":\"https:\/\/vex.is\/wp-content\/uploads\/2023\/07\/VEX_Logo_wide.png\",\"contentUrl\":\"https:\/\/vex.is\/wp-content\/uploads\/2023\/07\/VEX_Logo_wide.png\",\"width\":1470,\"height\":570,\"caption\":\"VEX\"},\"image\":{\"@id\":\"https:\/\/vex.is\/en\/#\/schema\/logo\/image\/\"},\"sameAs\":[\"https:\/\/www.linkedin.com\/company\/vex-ehf\/\"]}]}<\/script>\n<!-- \/ Yoast SEO plugin. -->","yoast_head_json":{"title":"Terms and conditions - VEX","robots":{"index":"index","follow":"follow","max-snippet":"max-snippet:-1","max-image-preview":"max-image-preview:large","max-video-preview":"max-video-preview:-1"},"canonical":"https:\/\/vex.is\/en\/terms-and-conditions\/","og_locale":"en_US","og_type":"article","og_title":"Terms and conditions - VEX","og_description":"Skilm\u00e1lar Vafrak\u00f6kur \u00deessi vefur n\u00fdtir s\u00e9r vafrak\u00f6kur (e. web cookies) til a\u00f0 b\u00e6ta virkni hans og hj\u00e1lpa stj\u00f3rnendum vefsins a\u00f0 greina notkun hans. \u00dea\u00f0 er stefna VEX ehf. a\u00f0 nota vafrak\u00f6kur me\u00f0 \u00e1byrgum h\u00e6tti. Allar pers\u00f3nuuppl\u00fdsingar sem kunna a\u00f0 a\u00f0 ver\u00f0a til vi\u00f0 notkun \u00e1 k\u00f6kum ver\u00f0a me\u00f0h\u00f6ndla\u00f0ar og unni\u00f0 me\u00f0 \u00fe\u00e6r \u00ed samr\u00e6mi vi\u00f0 [&hellip;]","og_url":"https:\/\/vex.is\/en\/terms-and-conditions\/","og_site_name":"VEX","article_modified_time":"2025-11-25T13:38:37+00:00","twitter_card":"summary_large_image","twitter_misc":{"Est. reading time":"3 minutes"},"schema":{"@context":"https:\/\/schema.org","@graph":[{"@type":"WebPage","@id":"https:\/\/vex.is\/en\/terms-and-conditions\/","url":"https:\/\/vex.is\/en\/terms-and-conditions\/","name":"Terms and conditions - VEX","isPartOf":{"@id":"https:\/\/vex.is\/en\/#website"},"datePublished":"2023-07-13T11:37:34+00:00","dateModified":"2025-11-25T13:38:37+00:00","breadcrumb":{"@id":"https:\/\/vex.is\/en\/terms-and-conditions\/#breadcrumb"},"inLanguage":"en-US","potentialAction":[{"@type":"ReadAction","target":["https:\/\/vex.is\/en\/terms-and-conditions\/"]}]},{"@type":"BreadcrumbList","@id":"https:\/\/vex.is\/en\/terms-and-conditions\/#breadcrumb","itemListElement":[{"@type":"ListItem","position":1,"name":"Home","item":"https:\/\/vex.is\/en\/forsida\/"},{"@type":"ListItem","position":2,"name":"Terms and conditions"}]},{"@type":"WebSite","@id":"https:\/\/vex.is\/en\/#website","url":"https:\/\/vex.is\/en\/","name":"VEX","description":"","publisher":{"@id":"https:\/\/vex.is\/en\/#organization"},"potentialAction":[{"@type":"SearchAction","target":{"@type":"EntryPoint","urlTemplate":"https:\/\/vex.is\/en\/?s={search_term_string}"},"query-input":{"@type":"PropertyValueSpecification","valueRequired":true,"valueName":"search_term_string"}}],"inLanguage":"en-US"},{"@type":"Organization","@id":"https:\/\/vex.is\/en\/#organization","name":"VEX","url":"https:\/\/vex.is\/en\/","logo":{"@type":"ImageObject","inLanguage":"en-US","@id":"https:\/\/vex.is\/en\/#\/schema\/logo\/image\/","url":"https:\/\/vex.is\/wp-content\/uploads\/2023\/07\/VEX_Logo_wide.png","contentUrl":"https:\/\/vex.is\/wp-content\/uploads\/2023\/07\/VEX_Logo_wide.png","width":1470,"height":570,"caption":"VEX"},"image":{"@id":"https:\/\/vex.is\/en\/#\/schema\/logo\/image\/"},"sameAs":["https:\/\/www.linkedin.com\/company\/vex-ehf\/"]}]}},"_links":{"self":[{"href":"https:\/\/vex.is\/en\/wp-json\/wp\/v2\/pages\/2534","targetHints":{"allow":["GET"]}}],"collection":[{"href":"https:\/\/vex.is\/en\/wp-json\/wp\/v2\/pages"}],"about":[{"href":"https:\/\/vex.is\/en\/wp-json\/wp\/v2\/types\/page"}],"author":[{"embeddable":true,"href":"https:\/\/vex.is\/en\/wp-json\/wp\/v2\/users\/1"}],"replies":[{"embeddable":true,"href":"https:\/\/vex.is\/en\/wp-json\/wp\/v2\/comments?post=2534"}],"version-history":[{"count":1,"href":"https:\/\/vex.is\/en\/wp-json\/wp\/v2\/pages\/2534\/revisions"}],"predecessor-version":[{"id":2535,"href":"https:\/\/vex.is\/en\/wp-json\/wp\/v2\/pages\/2534\/revisions\/2535"}],"wp:attachment":[{"href":"https:\/\/vex.is\/en\/wp-json\/wp\/v2\/media?parent=2534"}],"curies":[{"name":"wp","href":"https:\/\/api.w.org\/{rel}","templated":true}]}}