{"id":2513,"date":"2024-03-11T14:17:53","date_gmt":"2024-03-11T14:17:53","guid":{"rendered":"https:\/\/vex.is\/stefnur-og-reglur\/"},"modified":"2025-11-25T13:34:07","modified_gmt":"2025-11-25T13:34:07","slug":"policies-and-rules","status":"publish","type":"page","link":"https:\/\/vex.is\/en\/policies-and-rules\/","title":{"rendered":"Policies and rules"},"content":{"rendered":"\t\t<div data-elementor-type=\"wp-page\" data-elementor-id=\"2513\" class=\"elementor elementor-2513 elementor-856\" data-elementor-post-type=\"page\">\n\t\t\t\t<div class=\"elementor-element elementor-element-e58c0d1 e-con-full e-flex e-con e-parent\" data-id=\"e58c0d1\" data-element_type=\"container\">\n\t\t\t\t<div class=\"elementor-element elementor-element-13e2d82 elementor-widget__width-inherit elementor-grid-3 elementor-grid-tablet-2 elementor-grid-mobile-1 elementor-widget elementor-widget-loop-grid\" data-id=\"13e2d82\" data-element_type=\"widget\" data-settings=\"{&quot;template_id&quot;:2463,&quot;_skin&quot;:&quot;post&quot;,&quot;columns&quot;:&quot;3&quot;,&quot;columns_tablet&quot;:&quot;2&quot;,&quot;columns_mobile&quot;:&quot;1&quot;,&quot;edit_handle_selector&quot;:&quot;[data-elementor-type=\\&quot;loop-item\\&quot;]&quot;,&quot;row_gap&quot;:{&quot;unit&quot;:&quot;px&quot;,&quot;size&quot;:&quot;&quot;,&quot;sizes&quot;:[]},&quot;row_gap_widescreen&quot;:{&quot;unit&quot;:&quot;px&quot;,&quot;size&quot;:&quot;&quot;,&quot;sizes&quot;:[]},&quot;row_gap_tablet&quot;:{&quot;unit&quot;:&quot;px&quot;,&quot;size&quot;:&quot;&quot;,&quot;sizes&quot;:[]},&quot;row_gap_mobile&quot;:{&quot;unit&quot;:&quot;px&quot;,&quot;size&quot;:&quot;&quot;,&quot;sizes&quot;:[]}}\" data-widget_type=\"loop-grid.post\">\n\t\t\t\t<div class=\"elementor-widget-container\">\n\t\t\t\t\t\t\t<div class=\"elementor-loop-container elementor-grid\" role=\"list\">\n\t\t<style id=\"loop-2463\">.elementor-2463 .elementor-element.elementor-element-cac508c{--display:flex;--flex-direction:column;--container-widget-width:calc( ( 1 - var( --container-widget-flex-grow ) ) * 100% );--container-widget-height:initial;--container-widget-flex-grow:0;--container-widget-align-self:initial;--flex-wrap-mobile:wrap;--justify-content:flex-start;--align-items:center;border-style:solid;--border-style:solid;border-width:0px 0px 0px 6px;--border-top-width:0px;--border-right-width:0px;--border-bottom-width:0px;--border-left-width:6px;border-color:var( --e-global-color-1eb1bb0 );--border-color:var( --e-global-color-1eb1bb0 );}.elementor-2463 .elementor-element.elementor-element-cac508c:not(.elementor-motion-effects-element-type-background), .elementor-2463 .elementor-element.elementor-element-cac508c > .elementor-motion-effects-container > .elementor-motion-effects-layer{background-color:#D9D9D940;}.elementor-2463 .elementor-element.elementor-element-cac508c:hover{border-style:solid;border-width:0px 0px 0px 6px;--border-top-width:0px;--border-right-width:0px;--border-bottom-width:0px;--border-left-width:6px;border-color:var( --e-global-color-e1bbffe );--border-color:var( --e-global-color-e1bbffe );}.elementor-2463 .elementor-element.elementor-element-cac508c, .elementor-2463 .elementor-element.elementor-element-cac508c::before{--border-transition:0.3s;}.elementor-2463 .elementor-element.elementor-element-bff4202{--display:flex;--padding-top:10%;--padding-bottom:10%;--padding-left:10%;--padding-right:10%;}.elementor-widget-heading .elementor-heading-title{font-family:var( --e-global-typography-primary-font-family ), Sans-serif;font-size:var( --e-global-typography-primary-font-size );font-weight:var( --e-global-typography-primary-font-weight );color:var( --e-global-color-primary );}.elementor-2463 .elementor-element.elementor-element-6fa0134 .elementor-heading-title{font-family:\"GT America\", Sans-serif;font-size:24px;font-weight:500;line-height:46px;color:var( --e-global-color-text );}.elementor-2463 .elementor-element.elementor-element-14171cb{--display:flex;--flex-direction:row;--container-widget-width:calc( ( 1 - var( --container-widget-flex-grow ) ) * 100% );--container-widget-height:100%;--container-widget-flex-grow:1;--container-widget-align-self:stretch;--flex-wrap-mobile:wrap;--justify-content:flex-start;--align-items:center;--gap:5px 5px;--row-gap:5px;--column-gap:5px;}.elementor-2463 .elementor-element.elementor-element-0f0d635 .elementor-heading-title{font-family:\"GT America\", Sans-serif;font-size:14px;font-weight:500;line-height:6px;color:var( --e-global-color-e1bbffe );}.elementor-widget-image .widget-image-caption{color:var( --e-global-color-text );font-family:var( --e-global-typography-text-font-family ), Sans-serif;font-size:var( --e-global-typography-text-font-size );font-weight:var( --e-global-typography-text-font-weight );line-height:var( --e-global-typography-text-line-height );}@media(min-width:768px){.elementor-2463 .elementor-element.elementor-element-cac508c{--width:100%;}.elementor-2463 .elementor-element.elementor-element-14171cb{--width:100%;}}@media(min-width:1920px){.elementor-widget-heading .elementor-heading-title{font-size:var( --e-global-typography-primary-font-size );}.elementor-widget-image .widget-image-caption{font-size:var( --e-global-typography-text-font-size );line-height:var( --e-global-typography-text-line-height );}}@media(max-width:1024px){.elementor-widget-heading .elementor-heading-title{font-size:var( --e-global-typography-primary-font-size );}.elementor-widget-image .widget-image-caption{font-size:var( --e-global-typography-text-font-size );line-height:var( --e-global-typography-text-line-height );}}@media(max-width:767px){.elementor-widget-heading .elementor-heading-title{font-size:var( --e-global-typography-primary-font-size );}.elementor-2463 .elementor-element.elementor-element-6fa0134 .elementor-heading-title{font-size:18px;line-height:32px;}.elementor-2463 .elementor-element.elementor-element-14171cb{--gap:10px 10px;--row-gap:10px;--column-gap:10px;}.elementor-2463 .elementor-element.elementor-element-0f0d635 .elementor-heading-title{font-size:14px;line-height:16px;}.elementor-widget-image .widget-image-caption{font-size:var( --e-global-typography-text-font-size );line-height:var( --e-global-typography-text-line-height );}}<\/style>\t\t<div data-elementor-type=\"loop-item\" data-elementor-id=\"2463\" class=\"elementor elementor-2463 elementor-1304 e-loop-item e-loop-item-2414 post-2414 stefnur-og-reglur type-stefnur-og-reglur status-publish hentry\" data-elementor-post-type=\"elementor_library\" data-custom-edit-handle=\"1\">\n\t\t\t<div class=\"elementor-element elementor-element-cac508c e-con-full e-flex e-con e-parent\" data-id=\"cac508c\" data-element_type=\"container\" data-settings=\"{&quot;background_background&quot;:&quot;classic&quot;}\">\n\t\t<div class=\"elementor-element elementor-element-bff4202 e-con-full e-flex e-con e-child\" data-id=\"bff4202\" data-element_type=\"container\">\n\t\t\t\t<div class=\"elementor-element elementor-element-6fa0134 elementor-widget elementor-widget-heading\" data-id=\"6fa0134\" data-element_type=\"widget\" data-widget_type=\"heading.default\">\n\t\t\t\t<div class=\"elementor-widget-container\">\n\t\t\t\t\t<p class=\"elementor-heading-title elementor-size-default\">Starfskjarastefna<\/p>\t\t\t\t<\/div>\n\t\t\t\t<\/div>\n\t\t<a class=\"elementor-element elementor-element-14171cb e-con-full e-flex e-con e-child\" data-id=\"14171cb\" data-element_type=\"container\" href=\"https:\/\/vex.is\/wp-content\/uploads\/2025\/02\/20250131-Starfskjarastefna_Undirritad.pdf\">\n\t\t\t\t<div class=\"elementor-element elementor-element-0f0d635 elementor-widget elementor-widget-heading\" data-id=\"0f0d635\" data-element_type=\"widget\" data-widget_type=\"heading.default\">\n\t\t\t\t<div class=\"elementor-widget-container\">\n\t\t\t\t\t<h2 class=\"elementor-heading-title elementor-size-default\">S\u00e6kja PDF<\/h2>\t\t\t\t<\/div>\n\t\t\t\t<\/div>\n\t\t\t\t<div class=\"elementor-element elementor-element-951f4bc elementor-widget elementor-widget-image\" data-id=\"951f4bc\" data-element_type=\"widget\" data-widget_type=\"image.default\">\n\t\t\t\t<div class=\"elementor-widget-container\">\n\t\t\t\t\t\t\t\t\t\t\t\t\t\t\t<img decoding=\"async\" width=\"16\" height=\"16\" src=\"https:\/\/vex.is\/wp-content\/uploads\/2024\/03\/download.png\" class=\"attachment-full size-full wp-image-1325\" alt=\"\" \/>\t\t\t\t\t\t\t\t\t\t\t\t\t\t\t<\/div>\n\t\t\t\t<\/div>\n\t\t\t\t<\/a>\n\t\t\t\t<\/div>\n\t\t\t\t<\/div>\n\t\t\t\t<\/div>\n\t\t\t\t<div data-elementor-type=\"loop-item\" data-elementor-id=\"2463\" class=\"elementor elementor-2463 elementor-1304 e-loop-item e-loop-item-1667 post-1667 stefnur-og-reglur type-stefnur-og-reglur status-publish hentry\" data-elementor-post-type=\"elementor_library\" data-custom-edit-handle=\"1\">\n\t\t\t<div class=\"elementor-element elementor-element-cac508c e-con-full e-flex e-con e-parent\" data-id=\"cac508c\" data-element_type=\"container\" data-settings=\"{&quot;background_background&quot;:&quot;classic&quot;}\">\n\t\t<div class=\"elementor-element elementor-element-bff4202 e-con-full e-flex e-con e-child\" data-id=\"bff4202\" data-element_type=\"container\">\n\t\t\t\t<div class=\"elementor-element elementor-element-6fa0134 elementor-widget elementor-widget-heading\" data-id=\"6fa0134\" data-element_type=\"widget\" data-widget_type=\"heading.default\">\n\t\t\t\t<div class=\"elementor-widget-container\">\n\t\t\t\t\t<p class=\"elementor-heading-title elementor-size-default\">Stefna um \u00e1byrgar fj\u00e1rfestingar og sj\u00e1lfb\u00e6rni\u00e1h\u00e6ttu<\/p>\t\t\t\t<\/div>\n\t\t\t\t<\/div>\n\t\t<a class=\"elementor-element elementor-element-14171cb e-con-full e-flex e-con e-child\" data-id=\"14171cb\" data-element_type=\"container\" href=\"https:\/\/vex.is\/wp-content\/uploads\/2024\/04\/2025-01-31-Stefna-um-abyrgar-fjarfestingar-og-sjalfbaerniahaettu.pdf\">\n\t\t\t\t<div class=\"elementor-element elementor-element-0f0d635 elementor-widget elementor-widget-heading\" data-id=\"0f0d635\" data-element_type=\"widget\" data-widget_type=\"heading.default\">\n\t\t\t\t<div class=\"elementor-widget-container\">\n\t\t\t\t\t<h2 class=\"elementor-heading-title elementor-size-default\">S\u00e6kja PDF<\/h2>\t\t\t\t<\/div>\n\t\t\t\t<\/div>\n\t\t\t\t<div class=\"elementor-element elementor-element-951f4bc elementor-widget elementor-widget-image\" data-id=\"951f4bc\" data-element_type=\"widget\" data-widget_type=\"image.default\">\n\t\t\t\t<div class=\"elementor-widget-container\">\n\t\t\t\t\t\t\t\t\t\t\t\t\t\t\t<img decoding=\"async\" width=\"16\" height=\"16\" src=\"https:\/\/vex.is\/wp-content\/uploads\/2024\/03\/download.png\" class=\"attachment-full size-full wp-image-1325\" alt=\"\" \/>\t\t\t\t\t\t\t\t\t\t\t\t\t\t\t<\/div>\n\t\t\t\t<\/div>\n\t\t\t\t<\/a>\n\t\t\t\t<\/div>\n\t\t\t\t<\/div>\n\t\t\t\t<\/div>\n\t\t\t\t<div data-elementor-type=\"loop-item\" data-elementor-id=\"2463\" class=\"elementor elementor-2463 elementor-1304 e-loop-item e-loop-item-1665 post-1665 stefnur-og-reglur type-stefnur-og-reglur status-publish hentry\" data-elementor-post-type=\"elementor_library\" data-custom-edit-handle=\"1\">\n\t\t\t<div class=\"elementor-element elementor-element-cac508c e-con-full e-flex e-con e-parent\" data-id=\"cac508c\" data-element_type=\"container\" data-settings=\"{&quot;background_background&quot;:&quot;classic&quot;}\">\n\t\t<div class=\"elementor-element elementor-element-bff4202 e-con-full e-flex e-con e-child\" data-id=\"bff4202\" data-element_type=\"container\">\n\t\t\t\t<div class=\"elementor-element elementor-element-6fa0134 elementor-widget elementor-widget-heading\" data-id=\"6fa0134\" data-element_type=\"widget\" data-widget_type=\"heading.default\">\n\t\t\t\t<div class=\"elementor-widget-container\">\n\t\t\t\t\t<p class=\"elementor-heading-title elementor-size-default\">Stefna um me\u00f0h\u00f6ndlun kvartana<\/p>\t\t\t\t<\/div>\n\t\t\t\t<\/div>\n\t\t<a class=\"elementor-element elementor-element-14171cb e-con-full e-flex e-con e-child\" data-id=\"14171cb\" data-element_type=\"container\" href=\"https:\/\/vex.is\/wp-content\/uploads\/2024\/04\/2025-01-31-Stefna-um-medhondlun-kvartana-UR.pdf\">\n\t\t\t\t<div class=\"elementor-element elementor-element-0f0d635 elementor-widget elementor-widget-heading\" data-id=\"0f0d635\" data-element_type=\"widget\" data-widget_type=\"heading.default\">\n\t\t\t\t<div class=\"elementor-widget-container\">\n\t\t\t\t\t<h2 class=\"elementor-heading-title elementor-size-default\">S\u00e6kja PDF<\/h2>\t\t\t\t<\/div>\n\t\t\t\t<\/div>\n\t\t\t\t<div class=\"elementor-element elementor-element-951f4bc elementor-widget elementor-widget-image\" data-id=\"951f4bc\" data-element_type=\"widget\" data-widget_type=\"image.default\">\n\t\t\t\t<div class=\"elementor-widget-container\">\n\t\t\t\t\t\t\t\t\t\t\t\t\t\t\t<img decoding=\"async\" width=\"16\" height=\"16\" src=\"https:\/\/vex.is\/wp-content\/uploads\/2024\/03\/download.png\" class=\"attachment-full size-full wp-image-1325\" alt=\"\" \/>\t\t\t\t\t\t\t\t\t\t\t\t\t\t\t<\/div>\n\t\t\t\t<\/div>\n\t\t\t\t<\/a>\n\t\t\t\t<\/div>\n\t\t\t\t<\/div>\n\t\t\t\t<\/div>\n\t\t\t\t<div data-elementor-type=\"loop-item\" data-elementor-id=\"2463\" class=\"elementor elementor-2463 elementor-1304 e-loop-item e-loop-item-1663 post-1663 stefnur-og-reglur type-stefnur-og-reglur status-publish hentry\" data-elementor-post-type=\"elementor_library\" data-custom-edit-handle=\"1\">\n\t\t\t<div class=\"elementor-element elementor-element-cac508c e-con-full e-flex e-con e-parent\" data-id=\"cac508c\" data-element_type=\"container\" data-settings=\"{&quot;background_background&quot;:&quot;classic&quot;}\">\n\t\t<div class=\"elementor-element elementor-element-bff4202 e-con-full e-flex e-con e-child\" data-id=\"bff4202\" data-element_type=\"container\">\n\t\t\t\t<div class=\"elementor-element elementor-element-6fa0134 elementor-widget elementor-widget-heading\" data-id=\"6fa0134\" data-element_type=\"widget\" data-widget_type=\"heading.default\">\n\t\t\t\t<div class=\"elementor-widget-container\">\n\t\t\t\t\t<p class=\"elementor-heading-title elementor-size-default\">Pers\u00f3nuverndarstefna<\/p>\t\t\t\t<\/div>\n\t\t\t\t<\/div>\n\t\t<a class=\"elementor-element elementor-element-14171cb e-con-full e-flex e-con e-child\" data-id=\"14171cb\" data-element_type=\"container\" href=\"https:\/\/vex.is\/wp-content\/uploads\/2024\/04\/2025-01-31-Personuverndarstefna-UR.pdf\">\n\t\t\t\t<div class=\"elementor-element elementor-element-0f0d635 elementor-widget elementor-widget-heading\" data-id=\"0f0d635\" data-element_type=\"widget\" data-widget_type=\"heading.default\">\n\t\t\t\t<div class=\"elementor-widget-container\">\n\t\t\t\t\t<h2 class=\"elementor-heading-title elementor-size-default\">S\u00e6kja PDF<\/h2>\t\t\t\t<\/div>\n\t\t\t\t<\/div>\n\t\t\t\t<div class=\"elementor-element elementor-element-951f4bc elementor-widget elementor-widget-image\" data-id=\"951f4bc\" data-element_type=\"widget\" data-widget_type=\"image.default\">\n\t\t\t\t<div class=\"elementor-widget-container\">\n\t\t\t\t\t\t\t\t\t\t\t\t\t\t\t<img decoding=\"async\" width=\"16\" height=\"16\" src=\"https:\/\/vex.is\/wp-content\/uploads\/2024\/03\/download.png\" class=\"attachment-full size-full wp-image-1325\" alt=\"\" \/>\t\t\t\t\t\t\t\t\t\t\t\t\t\t\t<\/div>\n\t\t\t\t<\/div>\n\t\t\t\t<\/a>\n\t\t\t\t<\/div>\n\t\t\t\t<\/div>\n\t\t\t\t<\/div>\n\t\t\t\t<\/div>\n\t\t\n\t\t\t\t\t\t<\/div>\n\t\t\t\t<\/div>\n\t\t\t\t<\/div>\n\t\t\t\t<\/div>\n\t\t","protected":false},"excerpt":{"rendered":"","protected":false},"author":1,"featured_media":0,"parent":0,"menu_order":0,"comment_status":"closed","ping_status":"closed","template":"","meta":{"_acf_changed":false,"footnotes":""},"class_list":["post-2513","page","type-page","status-publish","hentry"],"acf":[],"yoast_head":"<!-- This site is optimized with the Yoast SEO plugin v26.4 - https:\/\/yoast.com\/wordpress\/plugins\/seo\/ -->\n<title>Policies and rules - VEX<\/title>\n<meta name=\"robots\" content=\"index, follow, max-snippet:-1, max-image-preview:large, max-video-preview:-1\" \/>\n<link rel=\"canonical\" href=\"https:\/\/vex.is\/en\/policies-and-rules\/\" \/>\n<meta property=\"og:locale\" content=\"en_US\" \/>\n<meta property=\"og:type\" content=\"article\" \/>\n<meta property=\"og:title\" content=\"Policies and rules - VEX\" \/>\n<meta property=\"og:url\" content=\"https:\/\/vex.is\/en\/policies-and-rules\/\" \/>\n<meta property=\"og:site_name\" content=\"VEX\" \/>\n<meta property=\"article:modified_time\" content=\"2025-11-25T13:34:07+00:00\" \/>\n<meta name=\"twitter:card\" content=\"summary_large_image\" \/>\n<script type=\"application\/ld+json\" class=\"yoast-schema-graph\">{\"@context\":\"https:\/\/schema.org\",\"@graph\":[{\"@type\":\"WebPage\",\"@id\":\"https:\/\/vex.is\/en\/policies-and-rules\/\",\"url\":\"https:\/\/vex.is\/en\/policies-and-rules\/\",\"name\":\"Policies and rules - VEX\",\"isPartOf\":{\"@id\":\"https:\/\/vex.is\/en\/#website\"},\"datePublished\":\"2024-03-11T14:17:53+00:00\",\"dateModified\":\"2025-11-25T13:34:07+00:00\",\"breadcrumb\":{\"@id\":\"https:\/\/vex.is\/en\/policies-and-rules\/#breadcrumb\"},\"inLanguage\":\"en-US\",\"potentialAction\":[{\"@type\":\"ReadAction\",\"target\":[\"https:\/\/vex.is\/en\/policies-and-rules\/\"]}]},{\"@type\":\"BreadcrumbList\",\"@id\":\"https:\/\/vex.is\/en\/policies-and-rules\/#breadcrumb\",\"itemListElement\":[{\"@type\":\"ListItem\",\"position\":1,\"name\":\"Home\",\"item\":\"https:\/\/vex.is\/en\/forsida\/\"},{\"@type\":\"ListItem\",\"position\":2,\"name\":\"Policies and rules\"}]},{\"@type\":\"WebSite\",\"@id\":\"https:\/\/vex.is\/en\/#website\",\"url\":\"https:\/\/vex.is\/en\/\",\"name\":\"VEX\",\"description\":\"\",\"publisher\":{\"@id\":\"https:\/\/vex.is\/en\/#organization\"},\"potentialAction\":[{\"@type\":\"SearchAction\",\"target\":{\"@type\":\"EntryPoint\",\"urlTemplate\":\"https:\/\/vex.is\/en\/?s={search_term_string}\"},\"query-input\":{\"@type\":\"PropertyValueSpecification\",\"valueRequired\":true,\"valueName\":\"search_term_string\"}}],\"inLanguage\":\"en-US\"},{\"@type\":\"Organization\",\"@id\":\"https:\/\/vex.is\/en\/#organization\",\"name\":\"VEX\",\"url\":\"https:\/\/vex.is\/en\/\",\"logo\":{\"@type\":\"ImageObject\",\"inLanguage\":\"en-US\",\"@id\":\"https:\/\/vex.is\/en\/#\/schema\/logo\/image\/\",\"url\":\"https:\/\/vex.is\/wp-content\/uploads\/2023\/07\/VEX_Logo_wide.png\",\"contentUrl\":\"https:\/\/vex.is\/wp-content\/uploads\/2023\/07\/VEX_Logo_wide.png\",\"width\":1470,\"height\":570,\"caption\":\"VEX\"},\"image\":{\"@id\":\"https:\/\/vex.is\/en\/#\/schema\/logo\/image\/\"},\"sameAs\":[\"https:\/\/www.linkedin.com\/company\/vex-ehf\/\"]}]}<\/script>\n<!-- \/ Yoast SEO plugin. -->","yoast_head_json":{"title":"Policies and rules - VEX","robots":{"index":"index","follow":"follow","max-snippet":"max-snippet:-1","max-image-preview":"max-image-preview:large","max-video-preview":"max-video-preview:-1"},"canonical":"https:\/\/vex.is\/en\/policies-and-rules\/","og_locale":"en_US","og_type":"article","og_title":"Policies and rules - VEX","og_url":"https:\/\/vex.is\/en\/policies-and-rules\/","og_site_name":"VEX","article_modified_time":"2025-11-25T13:34:07+00:00","twitter_card":"summary_large_image","schema":{"@context":"https:\/\/schema.org","@graph":[{"@type":"WebPage","@id":"https:\/\/vex.is\/en\/policies-and-rules\/","url":"https:\/\/vex.is\/en\/policies-and-rules\/","name":"Policies and rules - VEX","isPartOf":{"@id":"https:\/\/vex.is\/en\/#website"},"datePublished":"2024-03-11T14:17:53+00:00","dateModified":"2025-11-25T13:34:07+00:00","breadcrumb":{"@id":"https:\/\/vex.is\/en\/policies-and-rules\/#breadcrumb"},"inLanguage":"en-US","potentialAction":[{"@type":"ReadAction","target":["https:\/\/vex.is\/en\/policies-and-rules\/"]}]},{"@type":"BreadcrumbList","@id":"https:\/\/vex.is\/en\/policies-and-rules\/#breadcrumb","itemListElement":[{"@type":"ListItem","position":1,"name":"Home","item":"https:\/\/vex.is\/en\/forsida\/"},{"@type":"ListItem","position":2,"name":"Policies and rules"}]},{"@type":"WebSite","@id":"https:\/\/vex.is\/en\/#website","url":"https:\/\/vex.is\/en\/","name":"VEX","description":"","publisher":{"@id":"https:\/\/vex.is\/en\/#organization"},"potentialAction":[{"@type":"SearchAction","target":{"@type":"EntryPoint","urlTemplate":"https:\/\/vex.is\/en\/?s={search_term_string}"},"query-input":{"@type":"PropertyValueSpecification","valueRequired":true,"valueName":"search_term_string"}}],"inLanguage":"en-US"},{"@type":"Organization","@id":"https:\/\/vex.is\/en\/#organization","name":"VEX","url":"https:\/\/vex.is\/en\/","logo":{"@type":"ImageObject","inLanguage":"en-US","@id":"https:\/\/vex.is\/en\/#\/schema\/logo\/image\/","url":"https:\/\/vex.is\/wp-content\/uploads\/2023\/07\/VEX_Logo_wide.png","contentUrl":"https:\/\/vex.is\/wp-content\/uploads\/2023\/07\/VEX_Logo_wide.png","width":1470,"height":570,"caption":"VEX"},"image":{"@id":"https:\/\/vex.is\/en\/#\/schema\/logo\/image\/"},"sameAs":["https:\/\/www.linkedin.com\/company\/vex-ehf\/"]}]}},"_links":{"self":[{"href":"https:\/\/vex.is\/en\/wp-json\/wp\/v2\/pages\/2513","targetHints":{"allow":["GET"]}}],"collection":[{"href":"https:\/\/vex.is\/en\/wp-json\/wp\/v2\/pages"}],"about":[{"href":"https:\/\/vex.is\/en\/wp-json\/wp\/v2\/types\/page"}],"author":[{"embeddable":true,"href":"https:\/\/vex.is\/en\/wp-json\/wp\/v2\/users\/1"}],"replies":[{"embeddable":true,"href":"https:\/\/vex.is\/en\/wp-json\/wp\/v2\/comments?post=2513"}],"version-history":[{"count":1,"href":"https:\/\/vex.is\/en\/wp-json\/wp\/v2\/pages\/2513\/revisions"}],"predecessor-version":[{"id":2514,"href":"https:\/\/vex.is\/en\/wp-json\/wp\/v2\/pages\/2513\/revisions\/2514"}],"wp:attachment":[{"href":"https:\/\/vex.is\/en\/wp-json\/wp\/v2\/media?parent=2513"}],"curies":[{"name":"wp","href":"https:\/\/api.w.org\/{rel}","templated":true}]}}